{"id":2,"date":"2021-01-24T18:28:08","date_gmt":"2021-01-24T18:28:08","guid":{"rendered":"http:\/\/rcainformatica.pt\/?page_id=2"},"modified":"2021-05-28T16:59:31","modified_gmt":"2021-05-28T16:59:31","slug":"sample-page","status":"publish","type":"page","link":"https:\/\/rcainformatica.pt\/","title":{"rendered":"Apresenta\u00e7\u00e3o"},"content":{"rendered":"\n<p>RCA Inform\u00e1tica fundada em 2015 gra\u00e7as ao empenho e interesse da equipa que a constitui, foca-se principalmente na assist\u00eancia t\u00e9cnica qualificada em equipamentos de impress\u00e3o. Oferece aos seus clientes um servi\u00e7o r\u00e1pido e eficaz.<\/p>\n\n\n\n<blockquote class=\"wp-block-quote is-layout-flow wp-block-quote-is-layout-flow\"><p>&#8220;Os nossos clientes sabem que podem contar com o empenho total da nossa empresa para uma r\u00e1pida e eficaz resolu\u00e7\u00e3o dos problemas&#8230;&#8221;<\/p><cite>Rui Azeredo &#8211; CEO da empresa.<\/cite><\/blockquote>\n\n\n\n<p>&#8230; em 2020 devido \u00e1s restri\u00e7\u00f5es impostas:<\/p>\n\n\n\n<blockquote class=\"wp-block-quote is-layout-flow wp-block-quote-is-layout-flow\"><p>&#8220;Vivemos tempos diferentes onde as empresas e as pessoas passaram por redefinir os seus m\u00e9todos de trabalho e procurarem novas \u00e1reas de neg\u00f3cio. Foi assim que surgiu na RCA &#8211; Inform\u00e1tica a vertente da impress\u00e3o 3D&#8221; <\/p><cite>Rui Azeredo &#8211; CEO da empresa<\/cite><\/blockquote>\n\n\n\n<p><\/p>\n","protected":false},"excerpt":{"rendered":"<p>RCA Inform\u00e1tica fundada em 2015 gra\u00e7as ao empenho e interesse da equipa que a constitui, foca-se principalmente na assist\u00eancia t\u00e9cnica qualificada em equipamentos de impress\u00e3o. Oferece aos seus clientes um servi\u00e7o r\u00e1pido e eficaz. &#8220;Os nossos clientes sabem que podem contar com o empenho total da nossa empresa para uma r\u00e1pida e eficaz resolu\u00e7\u00e3o dos [&hellip;]<\/p>\n","protected":false},"author":1,"featured_media":0,"parent":0,"menu_order":0,"comment_status":"closed","ping_status":"open","template":"","meta":{"footnotes":""},"class_list":["post-2","page","type-page","status-publish","hentry"],"_links":{"self":[{"href":"https:\/\/rcainformatica.pt\/index.php\/wp-json\/wp\/v2\/pages\/2","targetHints":{"allow":["GET"]}}],"collection":[{"href":"https:\/\/rcainformatica.pt\/index.php\/wp-json\/wp\/v2\/pages"}],"about":[{"href":"https:\/\/rcainformatica.pt\/index.php\/wp-json\/wp\/v2\/types\/page"}],"author":[{"embeddable":true,"href":"https:\/\/rcainformatica.pt\/index.php\/wp-json\/wp\/v2\/users\/1"}],"replies":[{"embeddable":true,"href":"https:\/\/rcainformatica.pt\/index.php\/wp-json\/wp\/v2\/comments?post=2"}],"version-history":[{"count":2,"href":"https:\/\/rcainformatica.pt\/index.php\/wp-json\/wp\/v2\/pages\/2\/revisions"}],"predecessor-version":[{"id":22,"href":"https:\/\/rcainformatica.pt\/index.php\/wp-json\/wp\/v2\/pages\/2\/revisions\/22"}],"wp:attachment":[{"href":"https:\/\/rcainformatica.pt\/index.php\/wp-json\/wp\/v2\/media?parent=2"}],"curies":[{"name":"wp","href":"https:\/\/api.w.org\/{rel}","templated":true}]}}